{"id":78,"date":"2021-12-20T14:50:07","date_gmt":"2021-12-20T13:50:07","guid":{"rendered":"https:\/\/cgm-alpes.fr\/?page_id=78"},"modified":"2021-12-20T14:49:10","modified_gmt":"2021-12-20T13:49:10","slug":"maintenance-industrielle","status":"publish","type":"page","link":"https:\/\/cgm-alpes.fr\/?page_id=78","title":{"rendered":"Maintenance industrielle"},"content":{"rendered":"\n<h3 class=\"has-text-align-center has-theme-palette-8-color has-theme-palette-6-background-color has-text-color has-background wp-block-heading\" style=\"line-height:1.2\"><strong>Pluridisciplinaires,<\/strong> nous proposons des prestations en maintenance industrielle sur-mesure \u00e0 l&rsquo;\u00e9chelle nationale.<\/h3>\n\n\n\n<div class=\"wp-block-buttons alignfull is-content-justification-center is-layout-flex wp-block-buttons-is-layout-flex\">\n<div class=\"wp-block-button\"><a class=\"wp-block-button__link has-theme-palette-1-background-color has-background\" href=\"https:\/\/cgm-alpes.fr\/?page_id=12\">Demandez votre devis<\/a><\/div>\n<\/div>\n\n\n\n<div class=\"wp-block-columns is-layout-flex wp-container-core-columns-is-layout-9d6595d7 wp-block-columns-is-layout-flex\">\n<div class=\"wp-block-column is-layout-flow wp-block-column-is-layout-flow\">\n<h2 class=\"has-text-align-center wp-block-heading\">Electrique<\/h2>\n\n\n\n<div class=\"wp-block-image\"><figure class=\"aligncenter size-full is-resized\"><img loading=\"lazy\" decoding=\"async\" src=\"https:\/\/cgm-alpes.fr\/wp-content\/uploads\/2021\/12\/switchgear-2069791_1920-edited.jpg\" alt=\"\" class=\"wp-image-114\" width=\"240\" height=\"240\" srcset=\"https:\/\/cgm-alpes.fr\/wp-content\/uploads\/2021\/12\/switchgear-2069791_1920-edited.jpg 576w, https:\/\/cgm-alpes.fr\/wp-content\/uploads\/2021\/12\/switchgear-2069791_1920-edited-300x300.jpg 300w, https:\/\/cgm-alpes.fr\/wp-content\/uploads\/2021\/12\/switchgear-2069791_1920-edited-150x150.jpg 150w\" sizes=\"auto, (max-width: 240px) 100vw, 240px\" \/><\/figure><\/div>\n\n\n\n<ul class=\"wp-block-list\"><li>C\u00e2blage d&rsquo;armoires \u00e9lectriques<\/li><li>D\u00e9pannage<\/li><li>Diagnostics<\/li><\/ul>\n<\/div>\n\n\n\n<div class=\"wp-block-column is-layout-flow wp-block-column-is-layout-flow\">\n<h2 class=\"has-text-align-center wp-block-heading\">M\u00e9canique<\/h2>\n\n\n\n<div class=\"wp-block-image\"><figure class=\"aligncenter size-full is-resized\"><img loading=\"lazy\" decoding=\"async\" src=\"https:\/\/cgm-alpes.fr\/wp-content\/uploads\/2021\/12\/worker-4395770_640-edited-1.jpg\" alt=\"\" class=\"wp-image-127\" width=\"240\" height=\"240\" srcset=\"https:\/\/cgm-alpes.fr\/wp-content\/uploads\/2021\/12\/worker-4395770_640-edited-1.jpg 425w, https:\/\/cgm-alpes.fr\/wp-content\/uploads\/2021\/12\/worker-4395770_640-edited-1-300x300.jpg 300w, https:\/\/cgm-alpes.fr\/wp-content\/uploads\/2021\/12\/worker-4395770_640-edited-1-150x150.jpg 150w\" sizes=\"auto, (max-width: 240px) 100vw, 240px\" \/><\/figure><\/div>\n\n\n\n<ul class=\"wp-block-list\"><li>Montage, d\u00e9montage, d\u00e9placement de machines industrielles<\/li><li>Entretiens et d\u00e9pannages<\/li><li>Soudures<\/li><\/ul>\n<\/div>\n\n\n\n<div class=\"wp-block-column is-layout-flow wp-block-column-is-layout-flow\">\n<h2 class=\"has-text-align-center wp-block-heading\">Hydraulique<\/h2>\n\n\n\n<div class=\"wp-block-image\"><figure class=\"aligncenter size-large is-resized\"><img loading=\"lazy\" decoding=\"async\" src=\"https:\/\/cgm-alpes.fr\/wp-content\/uploads\/2021\/12\/steam-220000_1280-edited-1.jpg\" alt=\"\" class=\"wp-image-124\" width=\"240\" height=\"240\" srcset=\"https:\/\/cgm-alpes.fr\/wp-content\/uploads\/2021\/12\/steam-220000_1280-edited-1.jpg 852w, https:\/\/cgm-alpes.fr\/wp-content\/uploads\/2021\/12\/steam-220000_1280-edited-1-300x300.jpg 300w, https:\/\/cgm-alpes.fr\/wp-content\/uploads\/2021\/12\/steam-220000_1280-edited-1-150x150.jpg 150w, https:\/\/cgm-alpes.fr\/wp-content\/uploads\/2021\/12\/steam-220000_1280-edited-1-768x766.jpg 768w\" sizes=\"auto, (max-width: 240px) 100vw, 240px\" \/><\/figure><\/div>\n\n\n\n<ul class=\"wp-block-list\"><li>D\u00e9pannages de syst\u00e8mes hydrauliques<\/li><li>Assemblages de syst\u00e8mes hydrauliques : tuyautage et cintrage<\/li><\/ul>\n<\/div>\n<\/div>\n\n\n\n<h3 class=\"wp-block-heading\">Nos r\u00e9alisations<\/h3>\n\n\n\n<figure class=\"wp-block-gallery columns-5 is-cropped wp-block-gallery-1 is-layout-flex wp-block-gallery-is-layout-flex\"><ul class=\"blocks-gallery-grid\"><li class=\"blocks-gallery-item\"><figure><img loading=\"lazy\" decoding=\"async\" width=\"896\" height=\"598\" src=\"http:\/\/cgm-alpes.fr\/wp-content\/uploads\/2021\/12\/papetrie-1.png\" alt=\"\" data-id=\"109\" data-full-url=\"http:\/\/cgm-alpes.fr\/wp-content\/uploads\/2021\/12\/papetrie-1.png\" data-link=\"https:\/\/cgm-alpes.fr\/?attachment_id=109\" class=\"wp-image-109\" srcset=\"https:\/\/cgm-alpes.fr\/wp-content\/uploads\/2021\/12\/papetrie-1.png 896w, https:\/\/cgm-alpes.fr\/wp-content\/uploads\/2021\/12\/papetrie-1-300x200.png 300w, https:\/\/cgm-alpes.fr\/wp-content\/uploads\/2021\/12\/papetrie-1-768x513.png 768w\" sizes=\"auto, (max-width: 896px) 100vw, 896px\" \/><\/figure><\/li><li class=\"blocks-gallery-item\"><figure><img loading=\"lazy\" decoding=\"async\" width=\"800\" height=\"617\" src=\"http:\/\/cgm-alpes.fr\/wp-content\/uploads\/2021\/12\/machine-a-beton-1.png\" alt=\"\" data-id=\"108\" data-full-url=\"http:\/\/cgm-alpes.fr\/wp-content\/uploads\/2021\/12\/machine-a-beton-1.png\" data-link=\"https:\/\/cgm-alpes.fr\/?attachment_id=108\" class=\"wp-image-108\" srcset=\"https:\/\/cgm-alpes.fr\/wp-content\/uploads\/2021\/12\/machine-a-beton-1.png 800w, https:\/\/cgm-alpes.fr\/wp-content\/uploads\/2021\/12\/machine-a-beton-1-300x231.png 300w, https:\/\/cgm-alpes.fr\/wp-content\/uploads\/2021\/12\/machine-a-beton-1-768x592.png 768w\" sizes=\"auto, (max-width: 800px) 100vw, 800px\" \/><\/figure><\/li><li class=\"blocks-gallery-item\"><figure><img loading=\"lazy\" decoding=\"async\" width=\"768\" height=\"1024\" src=\"http:\/\/cgm-alpes.fr\/wp-content\/uploads\/2021\/12\/IMG_20210709_112903-1-768x1024.jpg\" alt=\"\" data-id=\"107\" data-full-url=\"http:\/\/cgm-alpes.fr\/wp-content\/uploads\/2021\/12\/IMG_20210709_112903-1.jpg\" data-link=\"https:\/\/cgm-alpes.fr\/?attachment_id=107\" class=\"wp-image-107\" srcset=\"https:\/\/cgm-alpes.fr\/wp-content\/uploads\/2021\/12\/IMG_20210709_112903-1-768x1024.jpg 768w, https:\/\/cgm-alpes.fr\/wp-content\/uploads\/2021\/12\/IMG_20210709_112903-1-225x300.jpg 225w, https:\/\/cgm-alpes.fr\/wp-content\/uploads\/2021\/12\/IMG_20210709_112903-1.jpg 900w\" sizes=\"auto, (max-width: 768px) 100vw, 768px\" \/><\/figure><\/li><li class=\"blocks-gallery-item\"><figure><img loading=\"lazy\" decoding=\"async\" width=\"1024\" height=\"768\" src=\"http:\/\/cgm-alpes.fr\/wp-content\/uploads\/2021\/12\/IMG_20210707_151005-1-1024x768.jpg\" alt=\"\" data-id=\"106\" data-full-url=\"http:\/\/cgm-alpes.fr\/wp-content\/uploads\/2021\/12\/IMG_20210707_151005-1.jpg\" data-link=\"https:\/\/cgm-alpes.fr\/?attachment_id=106\" class=\"wp-image-106\" srcset=\"https:\/\/cgm-alpes.fr\/wp-content\/uploads\/2021\/12\/IMG_20210707_151005-1-1024x768.jpg 1024w, https:\/\/cgm-alpes.fr\/wp-content\/uploads\/2021\/12\/IMG_20210707_151005-1-300x225.jpg 300w, https:\/\/cgm-alpes.fr\/wp-content\/uploads\/2021\/12\/IMG_20210707_151005-1-768x576.jpg 768w, https:\/\/cgm-alpes.fr\/wp-content\/uploads\/2021\/12\/IMG_20210707_151005-1.jpg 1200w\" sizes=\"auto, (max-width: 1024px) 100vw, 1024px\" \/><\/figure><\/li><li class=\"blocks-gallery-item\"><figure><img loading=\"lazy\" decoding=\"async\" width=\"1024\" height=\"768\" src=\"http:\/\/cgm-alpes.fr\/wp-content\/uploads\/2021\/12\/IMG_20210209_111608-1-1024x768.jpg\" alt=\"\" data-id=\"105\" data-full-url=\"http:\/\/cgm-alpes.fr\/wp-content\/uploads\/2021\/12\/IMG_20210209_111608-1.jpg\" data-link=\"https:\/\/cgm-alpes.fr\/?attachment_id=105\" class=\"wp-image-105\" srcset=\"https:\/\/cgm-alpes.fr\/wp-content\/uploads\/2021\/12\/IMG_20210209_111608-1-1024x768.jpg 1024w, https:\/\/cgm-alpes.fr\/wp-content\/uploads\/2021\/12\/IMG_20210209_111608-1-300x225.jpg 300w, https:\/\/cgm-alpes.fr\/wp-content\/uploads\/2021\/12\/IMG_20210209_111608-1-768x576.jpg 768w, https:\/\/cgm-alpes.fr\/wp-content\/uploads\/2021\/12\/IMG_20210209_111608-1.jpg 1200w\" sizes=\"auto, (max-width: 1024px) 100vw, 1024px\" \/><\/figure><\/li><\/ul><\/figure>\n\n\n\n<h3 class=\"wp-block-heading\" style=\"line-height:1\">Nos partenaires<\/h3>\n\n\n\n<div class=\"wp-block-image\"><figure class=\"aligncenter size-large is-resized\"><img decoding=\"async\" src=\"http:\/\/cgm-alpes.fr\/wp-content\/uploads\/2021\/12\/BandeauPartenaires-1024x126.png\" alt=\"\" class=\"wp-image-168\" width=\"-142\" height=\"-17\" srcset=\"https:\/\/cgm-alpes.fr\/wp-content\/uploads\/2021\/12\/BandeauPartenaires-1024x126.png 1024w, https:\/\/cgm-alpes.fr\/wp-content\/uploads\/2021\/12\/BandeauPartenaires-300x37.png 300w, https:\/\/cgm-alpes.fr\/wp-content\/uploads\/2021\/12\/BandeauPartenaires-768x94.png 768w, https:\/\/cgm-alpes.fr\/wp-content\/uploads\/2021\/12\/BandeauPartenaires.png 1368w\" sizes=\"(max-width: 1024px) 100vw, 1024px\" \/><\/figure><\/div>\n\n\n\n<p><\/p>\n","protected":false},"excerpt":{"rendered":"<p>Pluridisciplinaires, nous proposons des prestations en maintenance industrielle sur-mesure \u00e0 l&rsquo;\u00e9chelle nationale. Electrique C\u00e2blage d&rsquo;armoires \u00e9lectriques D\u00e9pannage Diagnostics M\u00e9canique Montage, d\u00e9montage, d\u00e9placement de machines industrielles Entretiens et d\u00e9pannages Soudures Hydraulique D\u00e9pannages de syst\u00e8mes hydrauliques Assemblages de syst\u00e8mes hydrauliques : tuyautage et cintrage Nos r\u00e9alisations Nos partenaires<\/p>\n","protected":false},"author":1,"featured_media":0,"parent":0,"menu_order":0,"comment_status":"closed","ping_status":"closed","template":"","meta":{"_kad_post_transparent":"","_kad_post_title":"","_kad_post_layout":"","_kad_post_sidebar_id":"","_kad_post_content_style":"","_kad_post_vertical_padding":"","_kad_post_feature":"","_kad_post_feature_position":"","_kad_post_header":false,"_kad_post_footer":false,"footnotes":""},"class_list":["post-78","page","type-page","status-publish","hentry"],"aioseo_notices":[],"_links":{"self":[{"href":"https:\/\/cgm-alpes.fr\/index.php?rest_route=\/wp\/v2\/pages\/78","targetHints":{"allow":["GET"]}}],"collection":[{"href":"https:\/\/cgm-alpes.fr\/index.php?rest_route=\/wp\/v2\/pages"}],"about":[{"href":"https:\/\/cgm-alpes.fr\/index.php?rest_route=\/wp\/v2\/types\/page"}],"author":[{"embeddable":true,"href":"https:\/\/cgm-alpes.fr\/index.php?rest_route=\/wp\/v2\/users\/1"}],"replies":[{"embeddable":true,"href":"https:\/\/cgm-alpes.fr\/index.php?rest_route=%2Fwp%2Fv2%2Fcomments&post=78"}],"version-history":[{"count":14,"href":"https:\/\/cgm-alpes.fr\/index.php?rest_route=\/wp\/v2\/pages\/78\/revisions"}],"predecessor-version":[{"id":181,"href":"https:\/\/cgm-alpes.fr\/index.php?rest_route=\/wp\/v2\/pages\/78\/revisions\/181"}],"wp:attachment":[{"href":"https:\/\/cgm-alpes.fr\/index.php?rest_route=%2Fwp%2Fv2%2Fmedia&parent=78"}],"curies":[{"name":"wp","href":"https:\/\/api.w.org\/{rel}","templated":true}]}}