{"id":2,"date":"2021-12-20T14:50:05","date_gmt":"2021-12-20T13:50:05","guid":{"rendered":"http:\/\/cgm-alpes.fr\/?page_id=2"},"modified":"2021-12-20T14:48:50","modified_gmt":"2021-12-20T13:48:50","slug":"electricite-generale","status":"publish","type":"page","link":"https:\/\/cgm-alpes.fr\/?page_id=2","title":{"rendered":"Electricit\u00e9 g\u00e9n\u00e9rale"},"content":{"rendered":"\n<h3 class=\"has-text-align-center has-theme-palette-8-color has-theme-palette-1-background-color has-text-color has-background wp-block-heading\" style=\"line-height:1.4\"><strong>Artisan \u00e9lectricien sur le chablais,<\/strong> <strong>CGM Alpes intervient dans le cadre de toutes vos installations \u00e9lectriques et leur r\u00e9novation<\/strong>.<\/h3>\n\n\n\n<p style=\"line-height:1.5\">Nous sommes \u00e0 vos c\u00f4t\u00e9s pour la r\u00e9alisation de tous vos projets de&nbsp;<strong>construction ou de r\u00e9novation<\/strong>. Nous nous chargeons de l\u2019installation de tous vos \u00e9quipements dans le cadre de vos travaux d\u2019\u00e9lectricit\u00e9.<br>Nous assurons la maintenance et la&nbsp;r\u00e9novation&nbsp;de vos \u00e9quipements. Notre expertise nous sert pour la mise aux normes de vos installations \u00e9lectriques telles que votre tableau \u00e9lectrique.<\/p>\n\n\n\n<div class=\"wp-block-buttons is-content-justification-center is-layout-flex wp-block-buttons-is-layout-flex\">\n<div class=\"wp-block-button\"><a class=\"wp-block-button__link\" href=\"https:\/\/cgm-alpes.fr\/?page_id=12\">Demandez votre devis<\/a><\/div>\n<\/div>\n\n\n\n<div class=\"wp-block-columns is-layout-flex wp-container-core-columns-is-layout-9d6595d7 wp-block-columns-is-layout-flex\">\n<div class=\"wp-block-column is-layout-flow wp-block-column-is-layout-flow\">\n<h3 class=\"has-text-align-center wp-block-heading\"><strong>Installation \u00e9lectrique<\/strong><\/h3>\n\n\n\n<div class=\"wp-block-image is-style-default\"><figure class=\"aligncenter size-full is-resized\"><img loading=\"lazy\" decoding=\"async\" src=\"https:\/\/cgm-alpes.fr\/wp-content\/uploads\/2021\/12\/electric-1080585_1920-edited.jpg\" alt=\"\" class=\"wp-image-120\" width=\"240\" height=\"240\" srcset=\"https:\/\/cgm-alpes.fr\/wp-content\/uploads\/2021\/12\/electric-1080585_1920-edited.jpg 639w, https:\/\/cgm-alpes.fr\/wp-content\/uploads\/2021\/12\/electric-1080585_1920-edited-300x300.jpg 300w, https:\/\/cgm-alpes.fr\/wp-content\/uploads\/2021\/12\/electric-1080585_1920-edited-150x150.jpg 150w\" sizes=\"auto, (max-width: 240px) 100vw, 240px\" \/><\/figure><\/div>\n\n\n\n<ul class=\"wp-block-list\"><li>Installations et r\u00e9novations \u00e9lectriques<\/li><li>D\u00e9pannages et recherche de pannes \u00e9lectriques<\/li><li>R\u00e9parations \u00e9lectriques<\/li><li>Petits travaux \u00e9lectriques (rajouts de points de commande, d&rsquo;\u00e9clairage, de prises, remplacement des luminaires&#8230;)<\/li><\/ul>\n<\/div>\n\n\n\n<div class=\"wp-block-column is-layout-flow wp-block-column-is-layout-flow\">\n<h3 class=\"has-text-align-center wp-block-heading\"><strong>Chauffage<\/strong> <\/h3>\n\n\n\n<div class=\"wp-block-image\"><figure class=\"aligncenter size-full is-resized\"><img loading=\"lazy\" decoding=\"async\" src=\"https:\/\/cgm-alpes.fr\/wp-content\/uploads\/2021\/12\/tablet-2471184_640-edited.jpg\" alt=\"\" class=\"wp-image-130\" width=\"240\" height=\"240\" srcset=\"https:\/\/cgm-alpes.fr\/wp-content\/uploads\/2021\/12\/tablet-2471184_640-edited.jpg 426w, https:\/\/cgm-alpes.fr\/wp-content\/uploads\/2021\/12\/tablet-2471184_640-edited-300x300.jpg 300w, https:\/\/cgm-alpes.fr\/wp-content\/uploads\/2021\/12\/tablet-2471184_640-edited-150x150.jpg 150w\" sizes=\"auto, (max-width: 240px) 100vw, 240px\" \/><\/figure><\/div>\n\n\n\n<ul class=\"wp-block-list\"><li>Chauffages \u00e9lectriques<\/li><\/ul>\n<\/div>\n\n\n\n<div class=\"wp-block-column is-layout-flow wp-block-column-is-layout-flow\">\n<h3 class=\"has-text-align-center wp-block-heading\"><strong>Domotique<\/strong><\/h3>\n\n\n\n<div class=\"wp-block-image is-style-default\"><figure class=\"aligncenter size-full is-resized\"><img loading=\"lazy\" decoding=\"async\" src=\"https:\/\/cgm-alpes.fr\/wp-content\/uploads\/2021\/12\/smart-home-3920905_1920-edited.jpg\" alt=\"\" class=\"wp-image-122\" width=\"240\" height=\"240\" srcset=\"https:\/\/cgm-alpes.fr\/wp-content\/uploads\/2021\/12\/smart-home-3920905_1920-edited.jpg 511w, https:\/\/cgm-alpes.fr\/wp-content\/uploads\/2021\/12\/smart-home-3920905_1920-edited-300x300.jpg 300w, https:\/\/cgm-alpes.fr\/wp-content\/uploads\/2021\/12\/smart-home-3920905_1920-edited-150x150.jpg 150w\" sizes=\"auto, (max-width: 240px) 100vw, 240px\" \/><\/figure><\/div>\n\n\n\n<ul class=\"wp-block-list\"><li>Gestion d&rsquo;\u00e9clairages<\/li><li>Gestion du chauffage et de la climatisation<\/li><li>Gestion des volets roulants<\/li><li>Alarmes techniques<\/li><li>Portiers audio et vid\u00e9o<\/li><li>Alarmes anti-intrusion et vid\u00e9o surveillance<\/li><\/ul>\n<\/div>\n<\/div>\n\n\n\n<p><em>CGM Alpes assure la rel\u00e8ve de l&rsquo;entreprise Vautey Electricit\u00e9.<\/em><\/p>\n\n\n\n<h3 class=\"wp-block-heading\">Secteur d&rsquo;intervention :<\/h3>\n\n\n\n<p>Haute-Savoie  <\/p>\n","protected":false},"excerpt":{"rendered":"<p>Artisan \u00e9lectricien sur le chablais, CGM Alpes intervient dans le cadre de toutes vos installations \u00e9lectriques et leur r\u00e9novation. Nous sommes \u00e0 vos c\u00f4t\u00e9s pour la r\u00e9alisation de tous vos projets de&nbsp;construction ou de r\u00e9novation. Nous nous chargeons de l\u2019installation de tous vos \u00e9quipements dans le cadre de vos travaux d\u2019\u00e9lectricit\u00e9.Nous assurons la maintenance et&#8230;<\/p>\n","protected":false},"author":1,"featured_media":0,"parent":0,"menu_order":0,"comment_status":"closed","ping_status":"closed","template":"","meta":{"_kad_post_transparent":"","_kad_post_title":"","_kad_post_layout":"","_kad_post_sidebar_id":"","_kad_post_content_style":"","_kad_post_vertical_padding":"","_kad_post_feature":"","_kad_post_feature_position":"","_kad_post_header":false,"_kad_post_footer":false,"footnotes":""},"class_list":["post-2","page","type-page","status-publish","hentry"],"aioseo_notices":[],"_links":{"self":[{"href":"https:\/\/cgm-alpes.fr\/index.php?rest_route=\/wp\/v2\/pages\/2","targetHints":{"allow":["GET"]}}],"collection":[{"href":"https:\/\/cgm-alpes.fr\/index.php?rest_route=\/wp\/v2\/pages"}],"about":[{"href":"https:\/\/cgm-alpes.fr\/index.php?rest_route=\/wp\/v2\/types\/page"}],"author":[{"embeddable":true,"href":"https:\/\/cgm-alpes.fr\/index.php?rest_route=\/wp\/v2\/users\/1"}],"replies":[{"embeddable":true,"href":"https:\/\/cgm-alpes.fr\/index.php?rest_route=%2Fwp%2Fv2%2Fcomments&post=2"}],"version-history":[{"count":12,"href":"https:\/\/cgm-alpes.fr\/index.php?rest_route=\/wp\/v2\/pages\/2\/revisions"}],"predecessor-version":[{"id":182,"href":"https:\/\/cgm-alpes.fr\/index.php?rest_route=\/wp\/v2\/pages\/2\/revisions\/182"}],"wp:attachment":[{"href":"https:\/\/cgm-alpes.fr\/index.php?rest_route=%2Fwp%2Fv2%2Fmedia&parent=2"}],"curies":[{"name":"wp","href":"https:\/\/api.w.org\/{rel}","templated":true}]}}