{"id":198,"date":"2024-04-08T16:46:07","date_gmt":"2024-04-08T14:46:07","guid":{"rendered":"https:\/\/cgm-alpes.fr\/?page_id=198"},"modified":"2024-09-10T10:20:05","modified_gmt":"2024-09-10T08:20:05","slug":"installation-de-panneaux-solaires","status":"publish","type":"page","link":"https:\/\/cgm-alpes.fr\/?page_id=198","title":{"rendered":"Installation de panneaux solaires"},"content":{"rendered":"\n<h3 class=\"wp-block-heading has-text-align-center has-theme-palette-8-color has-theme-palette-1-background-color has-text-color has-background\" style=\"line-height:1.4\">CGM Alpes : Votre partenaire pour l&rsquo;installation de panneaux photovolta\u00efques en Haute-Savoie<\/h3>\n\n\n\n<p style=\"line-height:1.5\"><strong>CGM Alpes<\/strong> est une entreprise certifi\u00e9e RGE QualiPV, sp\u00e9cialis\u00e9e dans l&rsquo;installation de panneaux solaires photovolta\u00efques en Haute-Savoie. Nous vous proposons des solutions sur-mesure pour r\u00e9pondre \u00e0 vos besoins en \u00e9nergie renouvelable, que vous soyez un particulier, une entreprise ou une collectivit\u00e9.<\/p>\n\n\n\n<div class=\"wp-block-columns is-layout-flex wp-container-core-columns-is-layout-9d6595d7 wp-block-columns-is-layout-flex\">\n<div class=\"wp-block-column is-layout-flow wp-block-column-is-layout-flow\">\n<figure class=\"wp-block-video\"><video height=\"478\" style=\"aspect-ratio: 848 \/ 478;\" width=\"848\" autoplay controls poster=\"http:\/\/cgm-alpes.fr\/wp-content\/uploads\/2024\/04\/solar-5069790_1280.jpg\" src=\"http:\/\/cgm-alpes.fr\/wp-content\/uploads\/2024\/09\/Video_CGMAlpes.mp4\"><\/video><\/figure>\n<\/div>\n\n\n\n<div class=\"wp-block-column is-layout-flow wp-block-column-is-layout-flow\">\n<h3 class=\"wp-block-heading has-text-align-center\"><strong><strong>Nos services :<\/strong><\/strong><\/h3>\n\n\n<div class=\"wp-block-image is-style-default\">\n<figure class=\"aligncenter size-full is-resized\"><img loading=\"lazy\" decoding=\"async\" width=\"1137\" height=\"853\" src=\"https:\/\/cgm-alpes.fr\/wp-content\/uploads\/2024\/04\/solar-2666770_1280-edited.jpg\" alt=\"\" class=\"wp-image-203\" style=\"width:245px;height:auto\" srcset=\"https:\/\/cgm-alpes.fr\/wp-content\/uploads\/2024\/04\/solar-2666770_1280-edited.jpg 1137w, https:\/\/cgm-alpes.fr\/wp-content\/uploads\/2024\/04\/solar-2666770_1280-edited-300x225.jpg 300w, https:\/\/cgm-alpes.fr\/wp-content\/uploads\/2024\/04\/solar-2666770_1280-edited-1024x768.jpg 1024w, https:\/\/cgm-alpes.fr\/wp-content\/uploads\/2024\/04\/solar-2666770_1280-edited-768x576.jpg 768w\" sizes=\"auto, (max-width: 1137px) 100vw, 1137px\" \/><\/figure>\n<\/div>\n\n\n<ul class=\"wp-block-list\">\n<li>Installation de panneaux solaires photovolta\u00efques en sur-imposition sur toitures en tuiles ou en t\u00f4les, ou sur ch\u00e2ssis fixe au sol<\/li>\n\n\n\n<li>Puissance de 3kW, 6kW et 9kW, sur des installations mono ou triphas\u00e9es<\/li>\n\n\n\n<li>Possibilit\u00e9 d&rsquo;installation jusqu&rsquo;\u00e0 36kW<\/li>\n\n\n\n<li>Prise en charge de l&rsquo;ensemble des d\u00e9marches administratives<\/li>\n\n\n\n<li>Aide \u00e0 l&rsquo;obtention des aides de l&rsquo;\u00c9tat pour les personnes \u00e9ligibles<\/li>\n\n\n\n<li>Installation pour l&rsquo;autoconsommation avec revente du surplus ou en site isol\u00e9<\/li>\n<\/ul>\n<\/div>\n\n\n\n<div class=\"wp-block-column is-layout-flow wp-block-column-is-layout-flow\">\n<h3 class=\"wp-block-heading has-text-align-center\"><strong>Pourquoi choisir CGM Alpes ?<\/strong><\/h3>\n\n\n<div class=\"wp-block-image\">\n<figure class=\"aligncenter size-full is-resized\"><img loading=\"lazy\" decoding=\"async\" width=\"962\" height=\"587\" src=\"https:\/\/cgm-alpes.fr\/wp-content\/uploads\/2024\/04\/logo-QualiPV-2024-RGE-01.png\" alt=\"\" class=\"wp-image-206\" style=\"width:256px;height:auto\" srcset=\"https:\/\/cgm-alpes.fr\/wp-content\/uploads\/2024\/04\/logo-QualiPV-2024-RGE-01.png 962w, https:\/\/cgm-alpes.fr\/wp-content\/uploads\/2024\/04\/logo-QualiPV-2024-RGE-01-300x183.png 300w, https:\/\/cgm-alpes.fr\/wp-content\/uploads\/2024\/04\/logo-QualiPV-2024-RGE-01-768x469.png 768w\" sizes=\"auto, (max-width: 962px) 100vw, 962px\" \/><\/figure>\n<\/div>\n\n\n<ul class=\"wp-block-list\">\n<li>Une \u00e9quipe d&rsquo;experts exp\u00e9riment\u00e9s et passionn\u00e9s par l&rsquo;\u00e9nergie solaire<\/li>\n\n\n\n<li>Un savoir-faire reconnu et une certification RGE QualiPV<\/li>\n\n\n\n<li>Des solutions de qualit\u00e9 et des produits performants<\/li>\n\n\n\n<li>Un accompagnement personnalis\u00e9 tout au long de votre projet<\/li>\n\n\n\n<li>Un service apr\u00e8s-vente r\u00e9actif et efficace<\/li>\n<\/ul>\n<\/div>\n<\/div>\n\n\n\n<p><strong>CGM Alpes<\/strong>, c&rsquo;est la garantie d&rsquo;une installation photovolta\u00efque fiable et performante qui vous permettra de r\u00e9aliser des \u00e9conomies d&rsquo;\u00e9nergie et de r\u00e9duire votre impact environnemental.<\/p>\n\n\n\n<div class=\"wp-block-buttons is-horizontal is-content-justification-center is-layout-flex wp-container-core-buttons-is-layout-499968f5 wp-block-buttons-is-layout-flex\">\n<div class=\"wp-block-button\"><a class=\"wp-block-button__link wp-element-button\" href=\"https:\/\/cgm-alpes.fr\/?page_id=12\">Demandez votre devis<\/a><\/div>\n<\/div>\n\n\n\n<div class=\"wp-block-columns is-layout-flex wp-container-core-columns-is-layout-9d6595d7 wp-block-columns-is-layout-flex\">\n<div class=\"wp-block-column is-layout-flow wp-block-column-is-layout-flow\">\n<h2 class=\"wp-block-heading\"><strong>Aides de l&rsquo;\u00c9tat pour l&rsquo;installation de panneaux solaires photovolta\u00efques<\/strong><\/h2>\n\n\n\n<p>Le gouvernement fran\u00e7ais propose plusieurs aides pour encourager l&rsquo;installation de panneaux solaires photovolta\u00efques. Ces aides peuvent prendre la forme de subventions, de primes ou de pr\u00eats \u00e0 taux z\u00e9ro.<\/p>\n\n\n\n<p>Pour plus d&rsquo;informations, vous pouvez consulter le site web de l&rsquo;ADEME : <a target=\"_blank\" rel=\"noreferrer noopener\" href=\"https:\/\/www.ademe.fr\/nos-missions\/financement\/\">https:\/\/www.ademe.fr\/nos-missions\/financement\/<\/a><\/p>\n<\/div>\n\n\n\n<div class=\"wp-block-column is-layout-flow wp-block-column-is-layout-flow\">\n<h2 class=\"wp-block-heading\">A<strong>utoconsommation avec revente du surplus<\/strong><\/h2>\n\n\n\n<p>L&rsquo;autoconsommation avec revente du surplus est un syst\u00e8me qui vous permet de consommer l&rsquo;\u00e9lectricit\u00e9 produite par vos panneaux solaires photovolta\u00efques et de revendre le surplus \u00e0 EDF.<\/p>\n\n\n\n<p>Pour plus d&rsquo;informations, vous pouvez consulter le site web d&rsquo;EDF : <a target=\"_blank\" rel=\"noreferrer noopener\" href=\"https:\/\/particulier.edf.fr\/fr\/accueil\/economies-d-energie\/transition-energetique\/autoconsommation-photovoltaique\">https:\/\/particulier.edf.fr\/fr\/accueil\/economies-d-energie\/transition-energetique\/autoconsommation-photovoltaique<\/a><\/p>\n<\/div>\n\n\n\n<div class=\"wp-block-column is-layout-flow wp-block-column-is-layout-flow\">\n<h2 class=\"wp-block-heading\"><strong>Site isol\u00e9<\/strong><\/h2>\n\n\n\n<p>Un site isol\u00e9 est un site qui n&rsquo;est pas raccord\u00e9 au r\u00e9seau \u00e9lectrique public. Dans ce cas, les panneaux solaires photovolta\u00efques permettent de produire l&rsquo;\u00e9lectricit\u00e9 n\u00e9cessaire pour alimenter le site.<\/p>\n\n\n\n<p>Pour plus d&rsquo;informations, vous pouvez consulter le site web du SER : <a target=\"_blank\" rel=\"noreferrer noopener\" href=\"https:\/\/www.photovoltaique.info\/fr\/preparer-un-projet\/vente-ou-autoconsommation\/site-isole-non-raccorde-au-reseau\/\">https:\/\/www.photovoltaique.info\/fr\/preparer-un-projet\/vente-ou-autoconsommation\/site-isole-non-raccorde-au-reseau\/<\/a><\/p>\n<\/div>\n<\/div>\n\n\n\n<p><em>CGM Alpes assure la rel\u00e8ve de l&rsquo;entreprise Vautey Electricit\u00e9.<\/em><\/p>\n\n\n\n<h3 class=\"wp-block-heading\">Secteur d&rsquo;intervention :<\/h3>\n\n\n\n<p>Haute-Savoie  <\/p>\n\n\n\n<div class=\"wp-block-columns is-layout-flex wp-container-core-columns-is-layout-9d6595d7 wp-block-columns-is-layout-flex\">\n<div class=\"wp-block-column is-layout-flow wp-block-column-is-layout-flow\"><\/div>\n\n\n\n<div class=\"wp-block-column is-layout-flow wp-block-column-is-layout-flow\"><\/div>\n<\/div>\n","protected":false},"excerpt":{"rendered":"<p>CGM Alpes : Votre partenaire pour l&rsquo;installation de panneaux photovolta\u00efques en Haute-Savoie CGM Alpes est une entreprise certifi\u00e9e RGE QualiPV, sp\u00e9cialis\u00e9e dans l&rsquo;installation de panneaux solaires photovolta\u00efques en Haute-Savoie. Nous vous proposons des solutions sur-mesure pour r\u00e9pondre \u00e0 vos besoins en \u00e9nergie renouvelable, que vous soyez un particulier, une entreprise ou une collectivit\u00e9. Nos services&#8230;<\/p>\n","protected":false},"author":1,"featured_media":0,"parent":0,"menu_order":0,"comment_status":"closed","ping_status":"closed","template":"","meta":{"_kad_post_transparent":"","_kad_post_title":"","_kad_post_layout":"","_kad_post_sidebar_id":"","_kad_post_content_style":"","_kad_post_vertical_padding":"","_kad_post_feature":"","_kad_post_feature_position":"","_kad_post_header":false,"_kad_post_footer":false,"footnotes":""},"class_list":["post-198","page","type-page","status-publish","hentry"],"aioseo_notices":[],"_links":{"self":[{"href":"https:\/\/cgm-alpes.fr\/index.php?rest_route=\/wp\/v2\/pages\/198","targetHints":{"allow":["GET"]}}],"collection":[{"href":"https:\/\/cgm-alpes.fr\/index.php?rest_route=\/wp\/v2\/pages"}],"about":[{"href":"https:\/\/cgm-alpes.fr\/index.php?rest_route=\/wp\/v2\/types\/page"}],"author":[{"embeddable":true,"href":"https:\/\/cgm-alpes.fr\/index.php?rest_route=\/wp\/v2\/users\/1"}],"replies":[{"embeddable":true,"href":"https:\/\/cgm-alpes.fr\/index.php?rest_route=%2Fwp%2Fv2%2Fcomments&post=198"}],"version-history":[{"count":5,"href":"https:\/\/cgm-alpes.fr\/index.php?rest_route=\/wp\/v2\/pages\/198\/revisions"}],"predecessor-version":[{"id":225,"href":"https:\/\/cgm-alpes.fr\/index.php?rest_route=\/wp\/v2\/pages\/198\/revisions\/225"}],"wp:attachment":[{"href":"https:\/\/cgm-alpes.fr\/index.php?rest_route=%2Fwp%2Fv2%2Fmedia&parent=198"}],"curies":[{"name":"wp","href":"https:\/\/api.w.org\/{rel}","templated":true}]}}